{"id":262,"date":"2022-07-25T17:58:41","date_gmt":"2022-07-25T17:58:41","guid":{"rendered":"https:\/\/dev.fuegoyamana.com\/abreu\/?page_id=262"},"modified":"2022-04-30T15:29:41","modified_gmt":"2022-04-30T15:29:41","slug":"politicas-de-privacidad","status":"publish","type":"page","link":"https:\/\/abreu.com.ar\/desarrollo-filtros\/politicas-de-privacidad\/","title":{"rendered":"Pol\u00edticas de privacidad"},"content":{"rendered":"<p>[et_pb_section fb_built=\u00bb1&#8243; _builder_version=\u00bb4.17.3&#8243; _module_preset=\u00bbdefault\u00bb global_colors_info=\u00bb{}\u00bb theme_builder_area=\u00bbpost_content\u00bb][et_pb_row _builder_version=\u00bb4.17.3&#8243; _module_preset=\u00bbdefault\u00bb global_colors_info=\u00bb{}\u00bb theme_builder_area=\u00bbpost_content\u00bb][et_pb_column type=\u00bb4_4&#8243; _builder_version=\u00bb4.17.3&#8243; _module_preset=\u00bbdefault\u00bb global_colors_info=\u00bb{}\u00bb theme_builder_area=\u00bbpost_content\u00bb][et_pb_text _builder_version=\u00bb4.17.3&#8243; _module_preset=\u00bbdefault\u00bb hover_enabled=\u00bb0&#8243; global_colors_info=\u00bb{}\u00bb theme_builder_area=\u00bbpost_content\u00bb sticky_enabled=\u00bb0&#8243;]<\/p>\n<h1>Pol\u00edticas de privacidad<\/h1>\n<p>[\/et_pb_text][et_pb_text _builder_version=\u00bb4.17.3&#8243; _module_preset=\u00bbdefault\u00bb hover_enabled=\u00bb0&#8243; global_colors_info=\u00bb{}\u00bb theme_builder_area=\u00bbpost_content\u00bb sticky_enabled=\u00bb0&#8243;]<\/p>\n<p>En Abreu nos comprometemos a proteger su privacidad. Esta pol\u00edtica de privacidad explica las pr\u00e1cticas de recopilaci\u00f3n y uso de datos que pueden solicitarse o generarse en cualquier momento, por ejemplo al visitar nuestro sitio web, comprar productos, contratar servicios o realizar alg\u00fan pedido de informaci\u00f3n o cotizaci\u00f3n. Por favor, dedique unos minutos a leer el siguiente documento para conocer mejor c\u00f3mo manejamos la informaci\u00f3n, que tipo de datos recabamos, c\u00f3mo los usamos, con que fin y que hacemos para proteger su informaci\u00f3n personal. Su privacidad es importante para Abreu y trabajamos mucho para protegerla.<\/p>\n<p>&nbsp;<\/p>\n<h4>Recopilaci\u00f3n y uso de la informaci\u00f3n personal<\/h4>\n<p>Le solicitaremos informaci\u00f3n que le identifique personalmente (informaci\u00f3n personal) o que nos permita ponernos en contacto con usted cuando sea necesario para proporcionar un servicio que usted haya solicitado, como por ejemplo, recibir informaci\u00f3n acerca de productos o servicios, al realizar un pedido de cotizaci\u00f3n, cuando realice una compra, como as\u00ed tambi\u00e9n para analizar tendencias y ayudarnos a mejorar y a administrar el sitio web, o para el env\u00edo de informaci\u00f3n comercial.<br \/>La informaci\u00f3n personal recopilada puede incluir su nombre y apellido, el nombre de la empresa u organizaci\u00f3n, el correo electr\u00f3nico del trabajo, direcci\u00f3n y tel\u00e9fono del trabajo, informaci\u00f3n acerca de su cargo en el trabajo, e informaci\u00f3n acerca de su empresa, o la direcci\u00f3n, tel\u00e9fono y correo electr\u00f3nico particular en el caso de no pertenecer a una empresa u organizaci\u00f3n. <br \/>El sitio web puede recopilar cierta informaci\u00f3n acerca de su visita, como el nombre del proveedor de servicio de internet y la direcci\u00f3n IP (Protocolo Internet) mediante la cual tiene acceso a internet; la fecha y la hora de acceso; las p\u00e1ginas a las que ha tenido acceso, la direcci\u00f3n de Internet del sitio web desde el que ha llegado a nuestro sitio web y informaci\u00f3n acerca de su hardware y software.<\/p>\n<p>&nbsp;<\/p>\n<h4>Control y seguridad de la informaci\u00f3n personal<\/h4>\n<p>Abreu se compromete a proteger la seguridad de la informaci\u00f3n personal. Utilizamos varias tecnolog\u00edas y procedimientos de seguridad para proteger su informaci\u00f3n personal del acceso, uso o divulgaci\u00f3n sin autorizaci\u00f3n. Por ejemplo, almacenamos la informaci\u00f3n personal proporcionada en servidores con acceso limitado que se encuentran en instalaciones controladas.<br \/>La informaci\u00f3n personal que se obtenga a trav\u00e9s del sitio web o enviada por usted no se compartir\u00e1 fuera de Abreu sin su permiso. Igualmente Abreu se reserva el derecho en todo momento a revelar cualquier informaci\u00f3n que Abreu considere necesaria para cumplir con cualquier ley, regulaci\u00f3n, proceso legal o solicitud gubernamental.<\/p>\n<p>&nbsp;<\/p>\n<h4>Acceso a la informaci\u00f3n personal<\/h4>\n<p>Usted puede solicitarnos la informaci\u00f3n personal de la que disponemos, para revisi\u00f3n o edici\u00f3n.<\/p>\n<p>&nbsp;<\/p>\n<h4>Protecci\u00f3n de la informaci\u00f3n general de los ni\u00f1os <\/h4>\n<p>Abreu es un sitio para p\u00fablico general y no recopila de forma deliberada informaci\u00f3n personal de ni\u00f1os. En caso de que un ni\u00f1o env\u00ede informaci\u00f3n personal a Abreu y nosotros lleguemos a saberlo, intentaremos suprimir esa informaci\u00f3n lo antes posible.<\/p>\n<p>&nbsp;<\/p>\n<h4>Cookies y otras tecnolog\u00edas <\/h4>\n<p>Como es pr\u00e1ctica habitual en muchos sitios web empresariales, este sitio web utiliza cookies y otras tecnolog\u00edas para ayudarnos a comprender que parte de nuestro sitio web tienen m\u00e1s aceptaci\u00f3n, d\u00f3nde van nuestros visitantes y cu\u00e1nto tiempo pasan all\u00ed. Empleamos cookies y otras tecnolog\u00edas para estudiar pautas de tr\u00e1fico en nuestro sitio web y para estudiar la eficacia de nuestra comunicaci\u00f3n con el cliente.<br \/>Puede aceptar o rechazar cookies. La mayor\u00eda de los navegadores web aceptan cookies de forma autom\u00e1tica, pero normalmente puede modificar la configuraci\u00f3n del navegador para rechazar cookies si lo prefiere. Tenga en cuenta que algunas prestaciones del sitio web de Abreu no estar\u00e1n disponibles si rechaza las cookies.<\/p>\n<p>&nbsp;<\/p>\n<h4>Cambios y aceptaci\u00f3n a esta pol\u00edtica de privacidad <\/h4>\n<p>Es posible que Abreu actualice su pol\u00edtica de privacidad cada cierto tiempo. Cuando se actualice, tambi\u00e9n se cambiar\u00e1 la fecha de \u00ab\u00faltima actualizaci\u00f3n\u00bb de la parte inferior.<br \/>Al tener acceso al sitio web, usted manifiesta que acepta las pr\u00e1cticas de recopilaci\u00f3n y uso de la informaci\u00f3n descrita en esta pol\u00edtica de privacidad, como as\u00ed tambi\u00e9n su uso continuado del servicio constituye su aceptaci\u00f3n de cualquier actualizaci\u00f3n. Si no est\u00e1 de acuerdo, no utilice el sitio.<\/p>\n<p>&nbsp;<\/p>\n<h4>Informaci\u00f3n de contacto<\/h4>\n<p>Si usted tiene alguna pregunta o inquietud acerca de estas Pol\u00edticas de privacidad de Abreu, por favor p\u00f3ngase en contacto con nosotros. El responsable en Abreu le responder\u00e1 lo antes posible.<\/p>\n<p>[\/et_pb_text][\/et_pb_column][\/et_pb_row][\/et_pb_section]<\/p>\n","protected":false},"excerpt":{"rendered":"<p>Pol\u00edticas de privacidadEn Abreu nos comprometemos a proteger su privacidad. Esta pol\u00edtica de privacidad explica las pr\u00e1cticas de recopilaci\u00f3n y uso de datos que pueden solicitarse o generarse en cualquier momento, por ejemplo al visitar nuestro sitio web, comprar productos, contratar servicios o realizar alg\u00fan pedido de informaci\u00f3n o cotizaci\u00f3n. Por favor, dedique unos minutos [&hellip;]<\/p>\n","protected":false},"author":3,"featured_media":0,"parent":0,"menu_order":0,"comment_status":"closed","ping_status":"closed","template":"","meta":{"_acf_changed":false,"_et_pb_use_builder":"on","_et_pb_old_content":"<!-- wp:divi\/placeholder \/-->","_et_gb_content_width":"","footnotes":"","_links_to":"","_links_to_target":""},"class_list":["post-262","page","type-page","status-publish","hentry"],"acf":[],"_links":{"self":[{"href":"https:\/\/abreu.com.ar\/desarrollo-filtros\/wp-json\/wp\/v2\/pages\/262","targetHints":{"allow":["GET"]}}],"collection":[{"href":"https:\/\/abreu.com.ar\/desarrollo-filtros\/wp-json\/wp\/v2\/pages"}],"about":[{"href":"https:\/\/abreu.com.ar\/desarrollo-filtros\/wp-json\/wp\/v2\/types\/page"}],"author":[{"embeddable":true,"href":"https:\/\/abreu.com.ar\/desarrollo-filtros\/wp-json\/wp\/v2\/users\/3"}],"replies":[{"embeddable":true,"href":"https:\/\/abreu.com.ar\/desarrollo-filtros\/wp-json\/wp\/v2\/comments?post=262"}],"version-history":[{"count":1,"href":"https:\/\/abreu.com.ar\/desarrollo-filtros\/wp-json\/wp\/v2\/pages\/262\/revisions"}],"predecessor-version":[{"id":2850,"href":"https:\/\/abreu.com.ar\/desarrollo-filtros\/wp-json\/wp\/v2\/pages\/262\/revisions\/2850"}],"wp:attachment":[{"href":"https:\/\/abreu.com.ar\/desarrollo-filtros\/wp-json\/wp\/v2\/media?parent=262"}],"curies":[{"name":"wp","href":"https:\/\/api.w.org\/{rel}","templated":true}]}}