{"id":260,"date":"2022-07-25T14:58:00","date_gmt":"2022-07-25T14:58:00","guid":{"rendered":"https:\/\/dev.fuegoyamana.com\/abreu\/?page_id=260"},"modified":"2022-04-30T15:26:25","modified_gmt":"2022-04-30T15:26:25","slug":"terminos-y-condiciones","status":"publish","type":"page","link":"https:\/\/abreu.com.ar\/desarrollo-filtros\/terminos-y-condiciones\/","title":{"rendered":"T\u00e9rminos y condiciones"},"content":{"rendered":"<p>[et_pb_section fb_built=\u00bb1&#8243; theme_builder_area=\u00bbpost_content\u00bb _builder_version=\u00bb4.17.3&#8243; _module_preset=\u00bbdefault\u00bb][et_pb_row _builder_version=\u00bb4.17.3&#8243; _module_preset=\u00bbdefault\u00bb theme_builder_area=\u00bbpost_content\u00bb][et_pb_column _builder_version=\u00bb4.17.3&#8243; _module_preset=\u00bbdefault\u00bb type=\u00bb4_4&#8243; theme_builder_area=\u00bbpost_content\u00bb][et_pb_text _builder_version=\u00bb4.17.3&#8243; _module_preset=\u00bbdefault\u00bb theme_builder_area=\u00bbpost_content\u00bb hover_enabled=\u00bb0&#8243; sticky_enabled=\u00bb0&#8243;]<\/p>\n<h1>T\u00e9rminos y condiciones\u00a0<\/h1>\n<p>[\/et_pb_text][et_pb_text _builder_version=\u00bb4.17.3&#8243; _module_preset=\u00bbdefault\u00bb theme_builder_area=\u00bbpost_content\u00bb hover_enabled=\u00bb0&#8243; sticky_enabled=\u00bb0&#8243;]<\/p>\n<h4><\/h4>\n<h4>Derecho de autor o copyright<\/h4>\n<p>Todos los textos, im\u00e1genes, fotograf\u00edas, gr\u00e1ficos, interfaces de usuario, las interfaces visuales, sonido, video, marca comercial, logotipo y c\u00f3digo fuente que figuran en el sitio es de propiedad de Abreu y est\u00e1n protegidos por la marca, el derecho de autor, patentes y marcas, y varios otros derechos de propiedad intelectual e industrial y de competencia desleal.<\/p>\n<p>&nbsp;<\/p>\n<h4>Marca registrada<\/h4>\n<p>Abreu y su logotipo es una marca registrada de Abreu S.A. por lo cual usted no puede utilizar, en ning\u00fan medio y para cualquier fin, la marca o logotipo Abreu sin el previo consentimiento expresado por escrito de Abreu.<br \/>Todas las dem\u00e1s marcas y logotipos mencionados pertenecen a sus respectivos propietarios.<\/p>\n<p>&nbsp;<\/p>\n<h4>T\u00e9rminos de uso<\/h4>\n<p>Usted puede utilizar la informaci\u00f3n sobre los productos y servicios de Abreu (tales como hojas de datos, informes, y notas de prensa) puestos a disposici\u00f3n por Abreu, siempre que (1) utiliza dicha informaci\u00f3n \u00fanicamente para su uso personal, no comercial y no copia ni p\u00fablica tal informaci\u00f3n en cualquier computadora en red ni difundirla en ning\u00fan medio de comunicaci\u00f3n, (2) y no hace modificaciones de ning\u00fan tipo a la informaci\u00f3n.<br \/>Los documentos, fotograf\u00edas o im\u00e1genes que se publican en este sitio web podr\u00edan incluir errores t\u00e9cnicos o tipogr\u00e1ficos. La informaci\u00f3n est\u00e1 sometida a cambios peri\u00f3dicos. El material contenido en este sitio con respecto a los productos y servicios puede estar fuera de fecha, y Abreu no se compromete a actualizar los materiales en el sitio en relaci\u00f3n con dichos productos y servicios. Abreu puede efectuar en cualquier momento mejoras y\/o cambios en el\/los producto(s) o servicio(s) aqu\u00ed descrito(s) sin previo aviso.<br \/>Abreu no promete que el sitio ser\u00e1 libre de errores o sin interrupciones, o de cualquier defecto que se corregir\u00e1, o que el uso que haga de este sitio proporcione resultados concretos. Aplic\u00e1ndose tambi\u00e9n a cualquier da\u00f1o causado por cualquier falla de funcionamiento, error, omisi\u00f3n, interrupci\u00f3n, eliminaci\u00f3n, defecto, demora en la operaci\u00f3n o transmisi\u00f3n, virus de computadora o falla de la l\u00ednea de comunicaci\u00f3n.<br \/>Usted se compromete a no utilizar ning\u00fan dispositivo, software o rutina para interferir o intentar interferir con el buen funcionamiento del sitio. Como as\u00ed tambi\u00e9n escanear o probar cualquier vulnerabilidad del sitio.<br \/>Abreu se reserva el derecho de, en cualquier momento, sin previo aviso: (1) modificar, suspender o cancelar el acceso al sitio, o cualquier porci\u00f3n del sitio, por cualquier raz\u00f3n, (2) a modificar o cambiar el sitio, o cualquier porci\u00f3n del sitio, y las pol\u00edticas o condiciones, y (3) interrumpir el funcionamiento del sitio, o cualquier porci\u00f3n del sitio, en la medida necesaria para realizar la rutina o el mantenimiento no rutinario, correcci\u00f3n de errores, u otros cambios.<br \/>En ning\u00fan caso Abreu ser\u00e1 responsable por cualquier da\u00f1o indirecto o consecuencial ocasionado ni por ning\u00fan otro da\u00f1o consecuencia de una falla, p\u00e9rdida de datos o beneficios que puedan derivarse en una acci\u00f3n contractual o extracontractual, en relaci\u00f3n con el uso del sitio.<\/p>\n<p>&nbsp;<\/p>\n<h4>Privacidad<\/h4>\n<p>Las pol\u00edticas de privacidad se aplican al uso de este sitio por esta referencia. Para ver la pol\u00edtica de privacidad de Abreu, haga clic aqu\u00ed.<\/p>\n<p>&nbsp;<\/p>\n<h4>Cambios y aceptaci\u00f3n a estos t\u00e9rminos y condiciones<\/h4>\n<p>Es posible que Abreu actualice estos t\u00e9rminos y condiciones cada cierto tiempo. Cuando se actualice, tambi\u00e9n se cambiar\u00e1 la fecha de \u00ab\u00faltima actualizaci\u00f3n\u00bb de la parte inferior.<br \/>Estos t\u00e9rminos y condiciones se aplican al sitio web de Abreu en www.abreu.com.ar. El sitio es propiedad de Abreu S.A. (\u00abAbreu\u00bb). <br \/>Al tener acceso al sitio web, usted manifiesta que acepta estos t\u00e9rminos y condiciones, como as\u00ed tambi\u00e9n su uso continuado del servicio constituye su aceptaci\u00f3n de cualquier actualizaci\u00f3n. Si no est\u00e1 de acuerdo, no utilice el sitio.<\/p>\n<p>&nbsp;<\/p>\n<h4>Informaci\u00f3n de contacto<\/h4>\n<p>Si usted tiene alguna pregunta o inquietud acerca de estos T\u00e9rminos y condiciones de Abreu, por favor p\u00f3ngase en contacto con nosotros. El responsable en Abreu le responder\u00e1 lo antes posible.<\/p>\n<p>[\/et_pb_text][\/et_pb_column][\/et_pb_row][\/et_pb_section]<\/p>\n","protected":false},"excerpt":{"rendered":"<p>T\u00e9rminos y condiciones\u00a0 Derecho de autor o copyright Todos los textos, im\u00e1genes, fotograf\u00edas, gr\u00e1ficos, interfaces de usuario, las interfaces visuales, sonido, video, marca comercial, logotipo y c\u00f3digo fuente que figuran en el sitio es de propiedad de Abreu y est\u00e1n protegidos por la marca, el derecho de autor, patentes y marcas, y varios otros derechos [&hellip;]<\/p>\n","protected":false},"author":3,"featured_media":0,"parent":0,"menu_order":0,"comment_status":"closed","ping_status":"closed","template":"","meta":{"_acf_changed":false,"_et_pb_use_builder":"on","_et_pb_old_content":"<!-- wp:divi\/placeholder \/-->","_et_gb_content_width":"","footnotes":"","_links_to":"","_links_to_target":""},"class_list":["post-260","page","type-page","status-publish","hentry"],"acf":[],"_links":{"self":[{"href":"https:\/\/abreu.com.ar\/desarrollo-filtros\/wp-json\/wp\/v2\/pages\/260","targetHints":{"allow":["GET"]}}],"collection":[{"href":"https:\/\/abreu.com.ar\/desarrollo-filtros\/wp-json\/wp\/v2\/pages"}],"about":[{"href":"https:\/\/abreu.com.ar\/desarrollo-filtros\/wp-json\/wp\/v2\/types\/page"}],"author":[{"embeddable":true,"href":"https:\/\/abreu.com.ar\/desarrollo-filtros\/wp-json\/wp\/v2\/users\/3"}],"replies":[{"embeddable":true,"href":"https:\/\/abreu.com.ar\/desarrollo-filtros\/wp-json\/wp\/v2\/comments?post=260"}],"version-history":[{"count":0,"href":"https:\/\/abreu.com.ar\/desarrollo-filtros\/wp-json\/wp\/v2\/pages\/260\/revisions"}],"wp:attachment":[{"href":"https:\/\/abreu.com.ar\/desarrollo-filtros\/wp-json\/wp\/v2\/media?parent=260"}],"curies":[{"name":"wp","href":"https:\/\/api.w.org\/{rel}","templated":true}]}}