{"id":252,"date":"2022-07-22T19:30:39","date_gmt":"2022-07-22T19:30:39","guid":{"rendered":"https:\/\/dev.fuegoyamana.com\/abreu\/?page_id=252"},"modified":"2022-11-10T13:10:16","modified_gmt":"2022-11-10T16:10:16","slug":"acerca-de-abreu","status":"publish","type":"page","link":"https:\/\/abreu.com.ar\/desarrollo-filtros\/compania\/acerca-de-abreu\/","title":{"rendered":"Acerca de Abreu"},"content":{"rendered":"<p>[et_pb_section fb_built=\u00bb1&#8243; _builder_version=\u00bb4.17.3&#8243; _module_preset=\u00bbdefault\u00bb global_colors_info=\u00bb{}\u00bb][et_pb_row _builder_version=\u00bb4.17.3&#8243; _module_preset=\u00bbdefault\u00bb global_colors_info=\u00bb{}\u00bb][et_pb_column type=\u00bb4_4&#8243; _builder_version=\u00bb4.17.3&#8243; _module_preset=\u00bbdefault\u00bb global_colors_info=\u00bb{}\u00bb][et_pb_text _builder_version=\u00bb4.18.0&#8243; _module_preset=\u00bba0682651-9d86-4125-b11f-874ccf4f02a8&#8243; header_4_text_color=\u00bb#53565A\u00bb max_width=\u00bb500px\u00bb global_colors_info=\u00bb{}\u00bb]<\/p>\n<h4>Perfil de la Empresa<\/h4>\n<h1>Si podemos pensarlo, podemos crearlo.<\/h1>\n<p>[\/et_pb_text][et_pb_text _builder_version=\u00bb4.17.3&#8243; _module_preset=\u00bbdefault\u00bb global_colors_info=\u00bb{}\u00bb]<\/p>\n<p>Radicada desde hace m\u00e1s de 40 a\u00f1os, en la ciudad de Mar del Plata &#8211; Argentina, Abreu S.A. es l\u00edder en la regi\u00f3n en el desarrollo de soluciones innovadoras para la industria alimenticia. Su profundo conocimiento y vasta trayectoria hacen de la compa\u00f1\u00eda un socio estrat\u00e9gico clave para dar respuesta ante los altos est\u00e1ndares de la industria.<\/p>\n<p>Desde el dise\u00f1o y la fabricaci\u00f3n hasta la instalaci\u00f3n, puesta en marcha y mantenimiento, cada \u00e1rea de la compa\u00f1\u00eda cuenta con un equipo de profesionales experimentados y altamente capacitados, que garantizan la calidad y fiabilidad de todos nuestros equipos. Una cultura de excelencia operacional y la constante actualizaci\u00f3n tecnol\u00f3gica, hacen de Abreu una compa\u00f1\u00eda moderna, s\u00f3lida y confiable, con un enfoque centrado en el cliente.<\/p>\n<p>[\/et_pb_text][\/et_pb_column][\/et_pb_row][et_pb_row column_structure=\u00bb1_2,1_2&#8243; _builder_version=\u00bb4.17.3&#8243; _module_preset=\u00bbdefault\u00bb global_colors_info=\u00bb{}\u00bb][et_pb_column type=\u00bb1_2&#8243; _builder_version=\u00bb4.17.3&#8243; _module_preset=\u00bbdefault\u00bb global_colors_info=\u00bb{}\u00bb][et_pb_image src=\u00bbhttps:\/\/abreu.com.ar\/desarrollo-filtros\/wp-content\/uploads\/2022\/04\/Acerca-de-Abreu-01.jpg\u00bb title_text=\u00bbAcerca-de-Abreu-01&#8243; force_fullwidth=\u00bbon\u00bb _builder_version=\u00bb4.17.3&#8243; _module_preset=\u00bbdefault\u00bb global_colors_info=\u00bb{}\u00bb][\/et_pb_image][\/et_pb_column][et_pb_column type=\u00bb1_2&#8243; _builder_version=\u00bb4.17.3&#8243; _module_preset=\u00bbdefault\u00bb global_colors_info=\u00bb{}\u00bb][et_pb_image src=\u00bbhttps:\/\/abreu.com.ar\/desarrollo-filtros\/wp-content\/uploads\/2022\/04\/Acerca-de-Abreu-02.jpg\u00bb title_text=\u00bbAcerca-de-Abreu-02&#8243; force_fullwidth=\u00bbon\u00bb _builder_version=\u00bb4.17.3&#8243; _module_preset=\u00bbdefault\u00bb global_colors_info=\u00bb{}\u00bb][\/et_pb_image][\/et_pb_column][\/et_pb_row][et_pb_row _builder_version=\u00bb4.17.3&#8243; _module_preset=\u00bbdefault\u00bb global_colors_info=\u00bb{}\u00bb][et_pb_column type=\u00bb4_4&#8243; _builder_version=\u00bb4.17.3&#8243; _module_preset=\u00bbdefault\u00bb global_colors_info=\u00bb{}\u00bb][et_pb_text _builder_version=\u00bb4.17.3&#8243; _module_preset=\u00bbdefault\u00bb global_colors_info=\u00bb{}\u00bb]<\/p>\n<p>Reconocidas empresas alimenticias de todos los sectores cuentan con equipos Abreu en sus l\u00edneas de producci\u00f3n. Todo lo que hacemos refleja nuestro entusiasmo, pasi\u00f3n y entrega por nuestros clientes y productos.<\/p>\n<p>[\/et_pb_text][\/et_pb_column][\/et_pb_row][et_pb_row column_structure=\u00bb1_3,1_3,1_3&#8243; make_equal=\u00bbon\u00bb custom_padding_last_edited=\u00bbon|phone\u00bb _builder_version=\u00bb4.17.3&#8243; _module_preset=\u00bbdefault\u00bb custom_padding_tablet=\u00bb||0px||false|false\u00bb custom_padding_phone=\u00bb\u00bb global_colors_info=\u00bb{}\u00bb][et_pb_column type=\u00bb1_3&#8243; _builder_version=\u00bb4.17.3&#8243; _module_preset=\u00bbdefault\u00bb background_color=\u00bb#F3F3F3&#8243; global_colors_info=\u00bb{}\u00bb][et_pb_cta title=\u00bbMisi\u00f3n\u00bb _builder_version=\u00bb4.19.0&#8243; _module_preset=\u00bbdefault\u00bb header_level=\u00bbh3&#8243; header_text_color=\u00bb#0073CB\u00bb body_text_color=\u00bb#53565A\u00bb background_color=\u00bb#F3F3F3&#8243; text_orientation=\u00bbleft\u00bb hover_enabled=\u00bb0&#8243; global_colors_info=\u00bb{}\u00bb sticky_enabled=\u00bb0&#8243;]<\/p>\n<p><span style=\"font-weight: 400;\">Dise\u00f1amos y fabricamos equipos que brindan soluciones para la industria alimenticia y les permiten a nuestros clientes incrementar su rendimiento, mejorar procesos, tiempos y costos.<\/span><\/p>\n<p>[\/et_pb_cta][\/et_pb_column][et_pb_column type=\u00bb1_3&#8243; _builder_version=\u00bb4.17.3&#8243; _module_preset=\u00bbdefault\u00bb background_color=\u00bb#F3F3F3&#8243; global_colors_info=\u00bb{}\u00bb][et_pb_cta title=\u00bbVisi\u00f3n\u00bb _builder_version=\u00bb4.19.0&#8243; _module_preset=\u00bbdefault\u00bb header_level=\u00bbh3&#8243; header_text_color=\u00bb#0073CB\u00bb body_text_color=\u00bb#53565A\u00bb background_color=\u00bb#F3F3F3&#8243; text_orientation=\u00bbleft\u00bb hover_enabled=\u00bb0&#8243; global_colors_info=\u00bb{}\u00bb sticky_enabled=\u00bb0&#8243;]<\/p>\n<p>Ser una empresa referente en la fabricaci\u00f3n de equipos industriales, reconocida por su trayectoria, calidad e innovaci\u00f3n en la industria metal\u00fargica, tanto a nivel nacional como internacional.<\/p>\n<p>[\/et_pb_cta][\/et_pb_column][et_pb_column type=\u00bb1_3&#8243; _builder_version=\u00bb4.17.3&#8243; _module_preset=\u00bbdefault\u00bb background_color=\u00bb#F3F3F3&#8243; global_colors_info=\u00bb{}\u00bb][et_pb_cta title=\u00bbValores\u00bb _builder_version=\u00bb4.17.3&#8243; _module_preset=\u00bbdefault\u00bb header_level=\u00bbh3&#8243; header_text_color=\u00bb#0073CB\u00bb body_text_color=\u00bb#53565A\u00bb background_color=\u00bb#F3F3F3&#8243; text_orientation=\u00bbleft\u00bb global_colors_info=\u00bb{}\u00bb]<\/p>\n<p>Innovaci\u00f3n, Compromiso, Responsabilidad.<\/p>\n<p>[\/et_pb_cta][\/et_pb_column][\/et_pb_row][et_pb_row custom_padding_last_edited=\u00bbon|tablet\u00bb _builder_version=\u00bb4.17.3&#8243; _module_preset=\u00bbdefault\u00bb custom_margin=\u00bb||||false|false\u00bb custom_margin_tablet=\u00bb||||false|false\u00bb custom_margin_last_edited=\u00bboff|tablet\u00bb custom_padding_tablet=\u00bb||0px||false|false\u00bb custom_padding_phone=\u00bb||0px||false|false\u00bb global_colors_info=\u00bb{}\u00bb][et_pb_column type=\u00bb4_4&#8243; _builder_version=\u00bb4.17.3&#8243; _module_preset=\u00bbdefault\u00bb global_colors_info=\u00bb{}\u00bb][et_pb_image src=\u00bbhttps:\/\/abreu.com.ar\/desarrollo-filtros\/wp-content\/uploads\/2022\/04\/Acerca-de-Abreu-03.jpg\u00bb title_text=\u00bbAcerca-de-Abreu-03-mobile\u00bb force_fullwidth=\u00bbon\u00bb src_tablet=\u00bbhttps:\/\/abreu.com.ar\/desarrollo-filtros\/wp-content\/uploads\/2022\/04\/Acerca-de-Abreu-03-mobile-1.jpg\u00bb src_phone=\u00bbhttps:\/\/abreu.com.ar\/desarrollo-filtros\/wp-content\/uploads\/2022\/04\/Acerca-de-Abreu-03-mobile-1.jpg\u00bb src_last_edited=\u00bbon|tablet\u00bb _builder_version=\u00bb4.17.3&#8243; _module_preset=\u00bbdefault\u00bb global_colors_info=\u00bb{}\u00bb][\/et_pb_image][\/et_pb_column][\/et_pb_row][et_pb_row column_structure=\u00bb1_2,1_2&#8243; _builder_version=\u00bb4.17.3&#8243; _module_preset=\u00bbdefault\u00bb global_colors_info=\u00bb{}\u00bb][et_pb_column type=\u00bb1_2&#8243; _builder_version=\u00bb4.17.3&#8243; _module_preset=\u00bbdefault\u00bb global_colors_info=\u00bb{}\u00bb][et_pb_image src=\u00bbhttps:\/\/abreu.com.ar\/desarrollo-filtros\/wp-content\/uploads\/2022\/04\/Acerca-de-Abreu-04.jpg\u00bb title_text=\u00bbAcerca-de-Abreu-04&#8243; force_fullwidth=\u00bbon\u00bb _builder_version=\u00bb4.17.3&#8243; _module_preset=\u00bbdefault\u00bb global_colors_info=\u00bb{}\u00bb][\/et_pb_image][\/et_pb_column][et_pb_column type=\u00bb1_2&#8243; _builder_version=\u00bb4.17.3&#8243; _module_preset=\u00bbdefault\u00bb global_colors_info=\u00bb{}\u00bb][et_pb_image src=\u00bbhttps:\/\/abreu.com.ar\/desarrollo-filtros\/wp-content\/uploads\/2022\/04\/Acerca-de-Abreu-05.jpg\u00bb title_text=\u00bbAcerca-de-Abreu-05&#8243; force_fullwidth=\u00bbon\u00bb _builder_version=\u00bb4.17.3&#8243; _module_preset=\u00bbdefault\u00bb global_colors_info=\u00bb{}\u00bb][\/et_pb_image][\/et_pb_column][\/et_pb_row][et_pb_row _builder_version=\u00bb4.17.3&#8243; _module_preset=\u00bbdefault\u00bb global_colors_info=\u00bb{}\u00bb][et_pb_column type=\u00bb4_4&#8243; _builder_version=\u00bb4.17.3&#8243; _module_preset=\u00bbdefault\u00bb global_colors_info=\u00bb{}\u00bb][et_pb_button button_url=\u00bbhttps:\/\/abreu.com.ar\/desarrollo-filtros\/compania\/historia\/\u00bb button_text=\u00bbNuestra Historia\u00bb button_alignment=\u00bbleft\u00bb _builder_version=\u00bb4.18.0&#8243; _module_preset=\u00bb247f4cf9-4b11-4540-817a-e94f2bc2ccb5&#8243; custom_margin=\u00bb||||false|false\u00bb custom_padding=\u00bb|||0px|false|false\u00bb global_module=\u00bb839&#8243; saved_tabs=\u00bball\u00bb global_colors_info=\u00bb{}\u00bb][\/et_pb_button][\/et_pb_column][\/et_pb_row][\/et_pb_section]<\/p>\n","protected":false},"excerpt":{"rendered":"<p>Perfil de la Empresa Si podemos pensarlo, podemos crearlo.Radicada desde hace m\u00e1s de 40 a\u00f1os, en la ciudad de Mar del Plata &#8211; Argentina, Abreu S.A. es l\u00edder en la regi\u00f3n en el desarrollo de soluciones innovadoras para la industria alimenticia. Su profundo conocimiento y vasta trayectoria hacen de la compa\u00f1\u00eda un socio estrat\u00e9gico clave [&hellip;]<\/p>\n","protected":false},"author":3,"featured_media":0,"parent":248,"menu_order":0,"comment_status":"closed","ping_status":"closed","template":"","meta":{"_acf_changed":false,"_et_pb_use_builder":"on","_et_pb_old_content":"<!-- wp:divi\/placeholder \/-->","_et_gb_content_width":"","footnotes":"","_links_to":"","_links_to_target":""},"class_list":["post-252","page","type-page","status-publish","hentry"],"acf":[],"_links":{"self":[{"href":"https:\/\/abreu.com.ar\/desarrollo-filtros\/wp-json\/wp\/v2\/pages\/252","targetHints":{"allow":["GET"]}}],"collection":[{"href":"https:\/\/abreu.com.ar\/desarrollo-filtros\/wp-json\/wp\/v2\/pages"}],"about":[{"href":"https:\/\/abreu.com.ar\/desarrollo-filtros\/wp-json\/wp\/v2\/types\/page"}],"author":[{"embeddable":true,"href":"https:\/\/abreu.com.ar\/desarrollo-filtros\/wp-json\/wp\/v2\/users\/3"}],"replies":[{"embeddable":true,"href":"https:\/\/abreu.com.ar\/desarrollo-filtros\/wp-json\/wp\/v2\/comments?post=252"}],"version-history":[{"count":1,"href":"https:\/\/abreu.com.ar\/desarrollo-filtros\/wp-json\/wp\/v2\/pages\/252\/revisions"}],"predecessor-version":[{"id":3059,"href":"https:\/\/abreu.com.ar\/desarrollo-filtros\/wp-json\/wp\/v2\/pages\/252\/revisions\/3059"}],"up":[{"embeddable":true,"href":"https:\/\/abreu.com.ar\/desarrollo-filtros\/wp-json\/wp\/v2\/pages\/248"}],"wp:attachment":[{"href":"https:\/\/abreu.com.ar\/desarrollo-filtros\/wp-json\/wp\/v2\/media?parent=252"}],"curies":[{"name":"wp","href":"https:\/\/api.w.org\/{rel}","templated":true}]}}