{"id":242,"date":"2022-07-22T17:56:32","date_gmt":"2022-07-22T17:56:32","guid":{"rendered":"https:\/\/dev.fuegoyamana.com\/abreu\/?page_id=242"},"modified":"2022-08-30T19:04:24","modified_gmt":"2022-08-30T19:04:24","slug":"acerca-de-nuestros-productos","status":"publish","type":"page","link":"https:\/\/abreu.com.ar\/desarrollo-filtros\/acerca-de-nuestros-productos\/","title":{"rendered":"Acerca de nuestros productos"},"content":{"rendered":"<p>[et_pb_section fb_built=\u00bb1&#8243; _builder_version=\u00bb4.17.4&#8243; _module_preset=\u00bbdefault\u00bb custom_margin=\u00bb||0px||false|false\u00bb custom_padding=\u00bb||0px||false|false\u00bb global_colors_info=\u00bb{}\u00bb][et_pb_row column_structure=\u00bb2_5,3_5&#8243; _builder_version=\u00bb4.17.4&#8243; _module_preset=\u00bbdefault\u00bb custom_margin=\u00bb||0px||false|false\u00bb custom_padding=\u00bb||0px||false|false\u00bb global_colors_info=\u00bb{}\u00bb][et_pb_column type=\u00bb2_5&#8243; _builder_version=\u00bb4.17.3&#8243; _module_preset=\u00bbdefault\u00bb global_colors_info=\u00bb{}\u00bb][et_pb_text _builder_version=\u00bb4.17.4&#8243; _module_preset=\u00bba0682651-9d86-4125-b11f-874ccf4f02a8&#8243; z_index=\u00bb5&#8243; max_width=\u00bb500px\u00bb global_colors_info=\u00bb{}\u00bb]<\/p>\n<h1>Acerca de nuestros productos<\/h1>\n<p>El know-how adquirido en m\u00e1s de 40 a\u00f1os de experiencia en la industria alimenticia, la excelencia en ingenier\u00eda y la capacidad para brindar soporte completo, nos permiten desarrollar soluciones innovadoras, eficientes y seguras, que responden a las demandas particulares de cada industria, garantizando as\u00ed la satisfacci\u00f3n de los clientes m\u00e1s exigentes.<\/p>\n<p>[\/et_pb_text][\/et_pb_column][et_pb_column type=\u00bb3_5&#8243; _builder_version=\u00bb4.17.3&#8243; _module_preset=\u00bbdefault\u00bb global_colors_info=\u00bb{}\u00bb][et_pb_image src=\u00bbhttps:\/\/abreu.com.ar\/desarrollo-filtros\/wp-content\/uploads\/2022\/04\/CS-6000_I_1.png\u00bb title_text=\u00bbCS-6000_I_1&#8243; show_bottom_space=\u00bboff\u00bb _builder_version=\u00bb4.17.4&#8243; _module_preset=\u00bbdefault\u00bb transform_scale_tablet=\u00bb\u00bb transform_scale_phone=\u00bb\u00bb transform_scale_last_edited=\u00bbon|desktop\u00bb transform_translate=\u00bb0px|-50px\u00bb transform_translate_tablet=\u00bb0px|0px\u00bb transform_translate_phone=\u00bb\u00bb transform_translate_last_edited=\u00bbon|phone\u00bb transform_translate_linked=\u00bboff\u00bb transform_rotate_tablet=\u00bb\u00bb transform_rotate_phone=\u00bb\u00bb transform_rotate_last_edited=\u00bbon|desktop\u00bb transform_skew_tablet=\u00bb\u00bb transform_skew_phone=\u00bb\u00bb transform_skew_last_edited=\u00bbon|desktop\u00bb transform_origin_tablet=\u00bb\u00bb transform_origin_phone=\u00bb\u00bb transform_origin_last_edited=\u00bbon|desktop\u00bb transform_styles_last_edited=\u00bbon|phone\u00bb position_origin_a=\u00bbcenter_right\u00bb position_origin_a_tablet=\u00bbcenter_right\u00bb position_origin_a_phone=\u00bbcenter_right\u00bb position_origin_a_last_edited=\u00bboff|desktop\u00bb position_origin_f_last_edited=\u00bboff|desktop\u00bb position_origin_r_last_edited=\u00bboff|desktop\u00bb width=\u00bb100%\u00bb custom_margin=\u00bb0px||0px||false|false\u00bb custom_margin_tablet=\u00bb-80px||||false|false\u00bb custom_margin_phone=\u00bb-50px||||false|false\u00bb custom_margin_last_edited=\u00bbon|phone\u00bb transform_styles_tablet=\u00bb\u00bb transform_styles_phone=\u00bb\u00bb positioning_tablet=\u00bbrelative\u00bb positioning_phone=\u00bbrelative\u00bb positioning_last_edited=\u00bboff|desktop\u00bb global_colors_info=\u00bb{}\u00bb][\/et_pb_image][\/et_pb_column][\/et_pb_row][\/et_pb_section][et_pb_section fb_built=\u00bb1&#8243; _builder_version=\u00bb4.17.4&#8243; _module_preset=\u00bbdefault\u00bb transform_scale_tablet=\u00bb\u00bb transform_scale_phone=\u00bb\u00bb transform_scale_last_edited=\u00bbon|desktop\u00bb transform_translate=\u00bb0px|-60px\u00bb transform_translate_tablet=\u00bb0px|-30px\u00bb transform_translate_phone=\u00bb0px|-30px\u00bb transform_translate_last_edited=\u00bbon|phone\u00bb transform_translate_linked=\u00bboff\u00bb transform_rotate_tablet=\u00bb\u00bb transform_rotate_phone=\u00bb\u00bb transform_rotate_last_edited=\u00bbon|desktop\u00bb transform_skew_tablet=\u00bb\u00bb transform_skew_phone=\u00bb\u00bb transform_skew_last_edited=\u00bbon|desktop\u00bb transform_origin_tablet=\u00bb\u00bb transform_origin_phone=\u00bb\u00bb transform_origin_last_edited=\u00bbon|desktop\u00bb transform_styles_last_edited=\u00bbon|phone\u00bb custom_margin=\u00bb0px||||false|false\u00bb custom_margin_phone=\u00bb||50px||false|false\u00bb custom_margin_last_edited=\u00bboff|desktop\u00bb custom_padding=\u00bb0px||||false|false\u00bb transform_styles_tablet=\u00bb\u00bb transform_styles_phone=\u00bb\u00bb global_colors_info=\u00bb{}\u00bb][et_pb_row column_structure=\u00bb1_2,1_2&#8243; make_equal=\u00bbon\u00bb custom_padding_last_edited=\u00bbon|phone\u00bb _builder_version=\u00bb4.17.3&#8243; _module_preset=\u00bbdefault\u00bb custom_padding_tablet=\u00bb||0px||false|false\u00bb custom_padding_phone=\u00bb\u00bb global_colors_info=\u00bb{}\u00bb][et_pb_column type=\u00bb1_2&#8243; _builder_version=\u00bb4.17.3&#8243; _module_preset=\u00bbdefault\u00bb background_color=\u00bb#F3F3F3&#8243; global_colors_info=\u00bb{}\u00bb][et_pb_cta title=\u00bbControl de calidad\u00bb _builder_version=\u00bb4.17.4&#8243; _module_preset=\u00bbdefault\u00bb header_level=\u00bbh3&#8243; header_text_color=\u00bb#0073CB\u00bb body_text_color=\u00bb#53565A\u00bb background_color=\u00bb#F3F3F3&#8243; text_orientation=\u00bbleft\u00bb global_colors_info=\u00bb{}\u00bb]<\/p>\n<p>El control de calidad es un proceso transversal que alcanza a todas las \u00e1reas de nuestra empresa. Trabajamos para alcanzar la excelencia en todos los procesos desde el dise\u00f1o y la gesti\u00f3n comercial, hasta la fabricaci\u00f3n, log\u00edstica y gesti\u00f3n de las personas. Nuestro dedicado y experimentado equipo humano est\u00e1 enfocado y listo para ayudar a cada uno de nuestros clientes quienes, si lo desean, pueden enviar a sus t\u00e9cnicos a nuestra planta para asistir a las distintas etapas preestablecidas del proceso de fabricaci\u00f3n y pruebas finales de los equipos. <br \/><span style=\"font-weight: 400;\">Los est\u00e1ndares de calidad de cada equipo dise\u00f1ado, fabricado e instalado cumplen con las normas m\u00e1s exigentes de la industria, ofreciendo como resultado un producto de alto valor agregado, por el que nos enorgullece ser reconocidos.<\/span><\/p>\n<p>[\/et_pb_cta][\/et_pb_column][et_pb_column type=\u00bb1_2&#8243; _builder_version=\u00bb4.17.3&#8243; _module_preset=\u00bbdefault\u00bb background_color=\u00bb#F3F3F3&#8243; global_colors_info=\u00bb{}\u00bb][et_pb_cta title=\u00bbInstalaci\u00f3n\u00bb _builder_version=\u00bb4.17.3&#8243; _module_preset=\u00bbdefault\u00bb header_level=\u00bbh3&#8243; header_text_color=\u00bb#0073CB\u00bb body_text_color=\u00bb#53565A\u00bb background_color=\u00bb#F3F3F3&#8243; text_orientation=\u00bbleft\u00bb global_colors_info=\u00bb{}\u00bb]<\/p>\n<p>La instalaci\u00f3n de los equipos industriales es una parte clave de cada proyecto, a fin de lograr un funcionamiento eficiente y seguro. Cada uno de nuestros equipos posee un completo y detallado manual de instalaci\u00f3n, con una gu\u00eda paso a paso, que garantiza la correcta puesta en marcha, funcionamiento y durabilidad.<\/p>\n<p>[\/et_pb_cta][\/et_pb_column][\/et_pb_row][et_pb_row column_structure=\u00bb1_2,1_2&#8243; make_equal=\u00bbon\u00bb _builder_version=\u00bb4.17.3&#8243; _module_preset=\u00bbdefault\u00bb global_colors_info=\u00bb{}\u00bb][et_pb_column type=\u00bb1_2&#8243; _builder_version=\u00bb4.17.3&#8243; _module_preset=\u00bbdefault\u00bb background_color=\u00bb#F3F3F3&#8243; global_colors_info=\u00bb{}\u00bb][et_pb_cta title=\u00bbGarant\u00eda\u00bb _builder_version=\u00bb4.17.3&#8243; _module_preset=\u00bbdefault\u00bb header_level=\u00bbh3&#8243; header_text_color=\u00bb#0073CB\u00bb body_text_color=\u00bb#53565A\u00bb background_color=\u00bb#F3F3F3&#8243; text_orientation=\u00bbleft\u00bb global_colors_info=\u00bb{}\u00bb]<\/p>\n<p>Garantizamos que cada uno de nuestros equipos son \u00fanicos, pensados y dise\u00f1ados por especialistas, fabricados con materiales y componentes de alta calidad por mano de obra calificada, en pos de cumplir y superar las expectativas y demandas de nuestros clientes. Todo esto, sumado a los a\u00f1os de experiencia de nuestra firma, aseguran el funcionamiento de nuestros productos, sin problema alguno, durante toda su vida \u00fatil.<\/p>\n<p>[\/et_pb_cta][\/et_pb_column][et_pb_column type=\u00bb1_2&#8243; _builder_version=\u00bb4.17.3&#8243; _module_preset=\u00bbdefault\u00bb background_color=\u00bb#F3F3F3&#8243; global_colors_info=\u00bb{}\u00bb][et_pb_cta title=\u00bbPartners \u00bb _builder_version=\u00bb4.17.3&#8243; _module_preset=\u00bbdefault\u00bb header_level=\u00bbh3&#8243; header_text_color=\u00bb#0073CB\u00bb body_text_color=\u00bb#53565A\u00bb background_color=\u00bb#F3F3F3&#8243; text_orientation=\u00bbleft\u00bb global_colors_info=\u00bb{}\u00bb]<\/p>\n<p>Concebidos bajo los m\u00e1s altos est\u00e1ndares de calidad, todos nuestros productos son fabricados con componentes desarrollados por proveedores de primera l\u00ednea, que permiten garantizar el desempe\u00f1o superior de los mismos.<br \/>Intralox, SEW Eurodrive, Siemens, Thermofin , Multi-wing entre otros.<\/p>\n<p>[\/et_pb_cta][\/et_pb_column][\/et_pb_row][et_pb_row _builder_version=\u00bb4.17.3&#8243; _module_preset=\u00bbdefault\u00bb global_colors_info=\u00bb{}\u00bb][et_pb_column type=\u00bb4_4&#8243; _builder_version=\u00bb4.17.3&#8243; _module_preset=\u00bbdefault\u00bb global_colors_info=\u00bb{}\u00bb][et_pb_image src=\u00bbhttps:\/\/abreu.com.ar\/desarrollo-filtros\/wp-content\/uploads\/2022\/04\/Art-nuestros-productos.jpg\u00bb title_text=\u00bbArt-nuestros-productos-mobile\u00bb force_fullwidth=\u00bbon\u00bb src_tablet=\u00bbhttps:\/\/abreu.com.ar\/desarrollo-filtros\/wp-content\/uploads\/2022\/04\/Art-nuestros-productos-mobile.jpg\u00bb src_phone=\u00bb\u00bb src_last_edited=\u00bbon|phone\u00bb _builder_version=\u00bb4.17.3&#8243; _module_preset=\u00bbdefault\u00bb global_colors_info=\u00bb{}\u00bb][\/et_pb_image][\/et_pb_column][\/et_pb_row][\/et_pb_section]<\/p>\n","protected":false},"excerpt":{"rendered":"<p>Acerca de nuestros productos El know-how adquirido en m\u00e1s de 40 a\u00f1os de experiencia en la industria alimenticia, la excelencia en ingenier\u00eda y la capacidad para brindar soporte completo, nos permiten desarrollar soluciones innovadoras, eficientes y seguras, que responden a las demandas particulares de cada industria, garantizando as\u00ed la satisfacci\u00f3n de los clientes m\u00e1s exigentes.El [&hellip;]<\/p>\n","protected":false},"author":3,"featured_media":0,"parent":0,"menu_order":0,"comment_status":"closed","ping_status":"closed","template":"","meta":{"_acf_changed":false,"_et_pb_use_builder":"on","_et_pb_old_content":"<!-- wp:divi\/placeholder \/-->","_et_gb_content_width":"","footnotes":"","_links_to":"","_links_to_target":""},"class_list":["post-242","page","type-page","status-publish","hentry"],"acf":[],"_links":{"self":[{"href":"https:\/\/abreu.com.ar\/desarrollo-filtros\/wp-json\/wp\/v2\/pages\/242","targetHints":{"allow":["GET"]}}],"collection":[{"href":"https:\/\/abreu.com.ar\/desarrollo-filtros\/wp-json\/wp\/v2\/pages"}],"about":[{"href":"https:\/\/abreu.com.ar\/desarrollo-filtros\/wp-json\/wp\/v2\/types\/page"}],"author":[{"embeddable":true,"href":"https:\/\/abreu.com.ar\/desarrollo-filtros\/wp-json\/wp\/v2\/users\/3"}],"replies":[{"embeddable":true,"href":"https:\/\/abreu.com.ar\/desarrollo-filtros\/wp-json\/wp\/v2\/comments?post=242"}],"version-history":[{"count":0,"href":"https:\/\/abreu.com.ar\/desarrollo-filtros\/wp-json\/wp\/v2\/pages\/242\/revisions"}],"wp:attachment":[{"href":"https:\/\/abreu.com.ar\/desarrollo-filtros\/wp-json\/wp\/v2\/media?parent=242"}],"curies":[{"name":"wp","href":"https:\/\/api.w.org\/{rel}","templated":true}]}}