{"id":2124,"date":"2022-07-25T14:58:00","date_gmt":"2022-07-25T14:58:00","guid":{"rendered":"https:\/\/abreu.com.ar\/desarrollo-filtros\/?page_id=2124"},"modified":"2022-07-30T03:17:48","modified_gmt":"2022-07-30T03:17:48","slug":"terms-and-conditions","status":"publish","type":"page","link":"https:\/\/abreu.com.ar\/desarrollo-filtros\/en\/terms-and-conditions\/","title":{"rendered":"Terms and conditions"},"content":{"rendered":"<p>[et_pb_section fb_built=\u00bb1&#8243; _builder_version=\u00bb4.17.3&#8243; _module_preset=\u00bbdefault\u00bb global_colors_info=\u00bb{}\u00bb][et_pb_row _builder_version=\u00bb4.17.3&#8243; _module_preset=\u00bbdefault\u00bb global_colors_info=\u00bb{}\u00bb][et_pb_column type=\u00bb4_4&#8243; _builder_version=\u00bb4.17.3&#8243; _module_preset=\u00bbdefault\u00bb global_colors_info=\u00bb{}\u00bb][et_pb_text _builder_version=\u00bb4.17.3&#8243; _module_preset=\u00bbdefault\u00bb global_colors_info=\u00bb{}\u00bb]<\/p>\n<h1>Terms and conditions\u00a0<\/h1>\n<p>[\/et_pb_text][et_pb_text _builder_version=\u00bb4.17.6&#8243; _module_preset=\u00bbdefault\u00bb hover_enabled=\u00bb0&#8243; global_colors_info=\u00bb{}\u00bb sticky_enabled=\u00bb0&#8243;]<\/p>\n<h4><\/h4>\n<h4>Author&#8217;s right or copyright<\/h4>\n<p>All text, images, photographs, graphics, user interfaces, visual interfaces, sound, video, trademark, logo and source code that appear on the site are the property of Abreu and are protected by trademark, copyright, patents and trademarks, and various other intellectual and industrial property rights and unfair competition.<\/p>\n<p>&nbsp;<\/p>\n<h4>Registered trademark<\/h4>\n<p>Abreu and its logo is a registered trademark of Abreu S.A. Therefore, you may not use the Abreu brand or logo in any medium and for any purpose without the express prior written consent of Abreu.<br \/>\nAll other trademarks and logos mentioned are the property of their respective owners.<\/p>\n<p>&nbsp;<\/p>\n<h4>Terms of use<\/h4>\n<p>You may use information about Abreu products and services (such as data sheets, white papers, and press releases) made available by Abreu, provided that (1) you use such information solely for your personal, noncommercial, and noncommercial use. copies or publishes such information on any computer network or broadcast it in any media, (2) and does not make any modifications to the information.<br \/>\nThe documents, photographs or images published on this website could include technical or typographical errors. The information is subject to periodic changes. The material on this site regarding products and services may be out of date, and Abreu makes no commitment to update the materials on the site regarding such products and services. Abreu may make improvements and\/or changes to the product(s) or service(s) described here at any time without prior notice.<br \/>\nAbreu does not promise that the site will be error free or uninterrupted, or that any defects will be corrected, or that your use of this site will provide any particular results. Also applying to any damage caused by any malfunction, error, omission, interruption, deletion, defect, delay in operation or transmission, computer virus or communication line failure.<br \/>\nYou agree not to use any device, software or routine to interfere or attempt to interfere with the proper working of the Site. As well as scan or test any vulnerability of the site.<br \/>\nAbreu reserves the right, at any time, without notice: (1) to modify, suspend, or terminate access to the site, or any portion of the site, for any reason, (2) to modify or change the site, or any portion of the Site, and any policies or terms, and (3) discontinue the operation of the Site, or any portion of the Site, to the extent necessary to perform routine or non-routine maintenance, error correction, or other changes.<br \/>\nIn no case will Abreu be liable for any indirect or consequential damage caused or for any other damage resulting from a failure, loss of data or benefits that may arise from a contractual or non-contractual action, in relation to the use of the site.<\/p>\n<p>&nbsp;<\/p>\n<h4>Privacy<\/h4>\n<p>Las pol\u00edticas de privacidad se aplican al uso de este sitio por esta referencia. Para ver la pol\u00edtica de privacidad de Abreu, haga clic aqu\u00ed.<\/p>\n<p>&nbsp;<\/p>\n<h4>Changes and acceptance of these terms and conditions<\/h4>\n<p>Abreu may update these terms and conditions from time to time. When it is updated, the \u00ablast updated\u00bb date at the bottom will also change.<br \/>\nThese terms and conditions apply to the Abreu website at www.abreu.com.ar. The site is owned by Abreu S.A. (\u00abAbreu\u00bb).<br \/>\nBy accessing the website, you signify your acceptance of these terms and conditions, and your continued use of the service constitutes your acceptance of any updates. If you do not agree, please do not use the site.<\/p>\n<p>&nbsp;<\/p>\n<h4>Contact information<\/h4>\n<p>If you have any questions or concerns about these Abreu Terms and Conditions, please contact us. The person in charge in Abreu will answer you as soon as possible.[\/et_pb_text][\/et_pb_column][\/et_pb_row][\/et_pb_section]<\/p>\n","protected":false},"excerpt":{"rendered":"<p>Terms and conditions\u00a0 Author&#8217;s right or copyright All text, images, photographs, graphics, user interfaces, visual interfaces, sound, video, trademark, logo and source code that appear on the site are the property of Abreu and are protected by trademark, copyright, patents and trademarks, and various other intellectual and industrial property rights and unfair competition. &nbsp; Registered [&hellip;]<\/p>\n","protected":false},"author":8,"featured_media":0,"parent":0,"menu_order":0,"comment_status":"closed","ping_status":"closed","template":"","meta":{"_acf_changed":false,"_et_pb_use_builder":"on","_et_pb_old_content":"<!-- wp:divi\/placeholder \/-->","_et_gb_content_width":"","footnotes":"","_links_to":"","_links_to_target":""},"class_list":["post-2124","page","type-page","status-publish","hentry"],"acf":[],"_links":{"self":[{"href":"https:\/\/abreu.com.ar\/desarrollo-filtros\/wp-json\/wp\/v2\/pages\/2124","targetHints":{"allow":["GET"]}}],"collection":[{"href":"https:\/\/abreu.com.ar\/desarrollo-filtros\/wp-json\/wp\/v2\/pages"}],"about":[{"href":"https:\/\/abreu.com.ar\/desarrollo-filtros\/wp-json\/wp\/v2\/types\/page"}],"author":[{"embeddable":true,"href":"https:\/\/abreu.com.ar\/desarrollo-filtros\/wp-json\/wp\/v2\/users\/8"}],"replies":[{"embeddable":true,"href":"https:\/\/abreu.com.ar\/desarrollo-filtros\/wp-json\/wp\/v2\/comments?post=2124"}],"version-history":[{"count":0,"href":"https:\/\/abreu.com.ar\/desarrollo-filtros\/wp-json\/wp\/v2\/pages\/2124\/revisions"}],"wp:attachment":[{"href":"https:\/\/abreu.com.ar\/desarrollo-filtros\/wp-json\/wp\/v2\/media?parent=2124"}],"curies":[{"name":"wp","href":"https:\/\/api.w.org\/{rel}","templated":true}]}}